{"id":911,"date":"2024-08-08T15:50:06","date_gmt":"2024-08-08T15:50:06","guid":{"rendered":"https:\/\/panairllc.com\/?page_id=911"},"modified":"2024-08-08T15:52:02","modified_gmt":"2024-08-08T15:52:02","slug":"privacy-policy","status":"publish","type":"page","link":"https:\/\/panairllc.com\/es\/privacy-policy\/","title":{"rendered":"pol\u00edtica de privacidad"},"content":{"rendered":"<div data-elementor-type=\"wp-page\" data-elementor-id=\"911\" class=\"elementor elementor-911\" data-elementor-post-type=\"page\">\n\t\t\t\t<div class=\"elementor-element elementor-element-7a03511 e-flex e-con-boxed e-con e-parent\" data-id=\"7a03511\" data-element_type=\"container\" data-e-type=\"container\" data-settings=\"{&quot;background_background&quot;:&quot;classic&quot;}\">\n\t\t\t\t\t<div class=\"e-con-inner\">\n\t\t\t\t<div class=\"elementor-element elementor-element-e5ca8ed elementor-widget__width-initial elementor-widget-mobile__width-inherit elementor-widget elementor-widget-heading\" data-id=\"e5ca8ed\" data-element_type=\"widget\" data-e-type=\"widget\" data-widget_type=\"heading.default\">\n\t\t\t\t<div class=\"elementor-widget-container\">\n\t\t\t\t\t<h1 class=\"elementor-heading-title elementor-size-default\">pol\u00edtica de privacidad<\/h1>\t\t\t\t<\/div>\n\t\t\t\t<\/div>\n\t\t\t\t<div class=\"elementor-element elementor-element-63b6cff elementor-widget__width-inherit elementor-widget-mobile__width-inherit elementor-widget elementor-widget-text-editor\" data-id=\"63b6cff\" data-element_type=\"widget\" data-e-type=\"widget\" data-widget_type=\"text-editor.default\">\n\t\t\t\t<div class=\"elementor-widget-container\">\n\t\t\t\t\t\t\t\t\t<p>Esta Pol\u00edtica de Privacidad tiene como objetivo regular el uso por parte de usted, el usuario, de nuestros servicios a trav\u00e9s del sitio web.<\/p><p>Hemos actualizado nuestra pol\u00edtica de privacidad de acuerdo con la nueva Ley General de Protecci\u00f3n de Datos (LGPD). Recopilamos tus datos para ofrecer una experiencia personalizada de forma segura.<\/p>\t\t\t\t\t\t\t\t<\/div>\n\t\t\t\t<\/div>\n\t\t\t\t\t<\/div>\n\t\t\t\t<\/div>\n\t\t<div class=\"elementor-element elementor-element-03b5eab e-flex e-con-boxed e-con e-parent\" data-id=\"03b5eab\" data-element_type=\"container\" data-e-type=\"container\" data-settings=\"{&quot;background_background&quot;:&quot;classic&quot;}\">\n\t\t\t\t\t<div class=\"e-con-inner\">\n\t\t\t\t<div class=\"elementor-element elementor-element-ce6f586 elementor-widget elementor-widget-heading\" data-id=\"ce6f586\" data-element_type=\"widget\" data-e-type=\"widget\" data-widget_type=\"heading.default\">\n\t\t\t\t<div class=\"elementor-widget-container\">\n\t\t\t\t\t<h2 class=\"elementor-heading-title elementor-size-default\">\u00bfQu\u00e9 es la LGPD?<\/h2>\t\t\t\t<\/div>\n\t\t\t\t<\/div>\n\t\t\t\t<div class=\"elementor-element elementor-element-1c1f8da elementor-widget__width-inherit elementor-widget-mobile__width-inherit elementor-widget elementor-widget-text-editor\" data-id=\"1c1f8da\" data-element_type=\"widget\" data-e-type=\"widget\" data-widget_type=\"text-editor.default\">\n\t\t\t\t<div class=\"elementor-widget-container\">\n\t\t\t\t\t\t\t\t\t<p>En 2018 se promulg\u00f3 la Ley General de Protecci\u00f3n de Datos, garantizando una mayor seguridad y transparencia en la recopilaci\u00f3n, almacenamiento y compartici\u00f3n de datos personales.<\/p><p>Es una ley que establece reglas para el uso de datos personales de individuos por entidades p\u00fablicas y privadas, que garantiza derechos a los titulares de los datos y establece una regla m\u00ednima para la recolecci\u00f3n, almacenamiento, procesamiento y compartici\u00f3n de datos personales de individuos.<\/p><p>Las normas establecidas por la LGPD deben ser observadas por todos los sectores del mercado: bancos, hospitales, comercios, empresas de comercio electr\u00f3nico y tambi\u00e9n el sector p\u00fablico.<\/p>\t\t\t\t\t\t\t\t<\/div>\n\t\t\t\t<\/div>\n\t\t\t\t<div class=\"elementor-element elementor-element-3c577bd elementor-widget elementor-widget-heading\" data-id=\"3c577bd\" data-element_type=\"widget\" data-e-type=\"widget\" data-widget_type=\"heading.default\">\n\t\t\t\t<div class=\"elementor-widget-container\">\n\t\t\t\t\t<h2 class=\"elementor-heading-title elementor-size-default\">\u00bfQu\u00e9 son los datos personales?<\/h2>\t\t\t\t<\/div>\n\t\t\t\t<\/div>\n\t\t\t\t<div class=\"elementor-element elementor-element-66a9028 elementor-widget__width-inherit elementor-widget-mobile__width-inherit elementor-widget elementor-widget-text-editor\" data-id=\"66a9028\" data-element_type=\"widget\" data-e-type=\"widget\" data-widget_type=\"text-editor.default\">\n\t\t\t\t<div class=\"elementor-widget-container\">\n\t\t\t\t\t\t\t\t\tEs la informaci\u00f3n relativa a una persona viva, identificada o identificable. Tambi\u00e9n constituyen datos personales el conjunto de informaciones diferenciadas que puedan llevar a la identificaci\u00f3n de una persona concreta.\t\t\t\t\t\t\t\t<\/div>\n\t\t\t\t<\/div>\n\t\t\t\t<div class=\"elementor-element elementor-element-70a9da5 elementor-widget elementor-widget-heading\" data-id=\"70a9da5\" data-element_type=\"widget\" data-e-type=\"widget\" data-widget_type=\"heading.default\">\n\t\t\t\t<div class=\"elementor-widget-container\">\n\t\t\t\t\t<h2 class=\"elementor-heading-title elementor-size-default\">\u00bfQu\u00e9 datos recopilamos, c\u00f3mo los recopilamos y c\u00f3mo los utilizamos?<\/h2>\t\t\t\t<\/div>\n\t\t\t\t<\/div>\n\t\t\t\t<div class=\"elementor-element elementor-element-a954337 elementor-widget__width-inherit elementor-widget-mobile__width-inherit elementor-widget elementor-widget-text-editor\" data-id=\"a954337\" data-element_type=\"widget\" data-e-type=\"widget\" data-widget_type=\"text-editor.default\">\n\t\t\t\t<div class=\"elementor-widget-container\">\n\t\t\t\t\t\t\t\t\t<p>Recopilamos datos de las siguientes maneras, siendo los datos recopilados diferentes en cada una de ellas y para diferentes finalidades:<\/p><p>Cookies: Se podr\u00e1n recoger datos a trav\u00e9s de cookies, con el consentimiento del usuario. Para m\u00e1s informaci\u00f3n, consulta nuestra Pol\u00edtica de Cookies a continuaci\u00f3n.<\/p><p>WhatsApp y Formularios: Cuando un usuario se pone en contacto con nosotros a trav\u00e9s de mensajes, como correo electr\u00f3nico a trav\u00e9s del formulario de contacto y WhatsApp, recopilamos datos con la finalidad de identificar al usuario, as\u00ed como para atender su solicitud. Esto puede incluir, entre otros, Nombre, correo electr\u00f3nico, tel\u00e9fono, empresa, direcci\u00f3n y mensaje. Adem\u00e1s de estos, recopilamos cualquier dato personal que sea proporcionado espont\u00e1neamente por el usuario.<\/p>\t\t\t\t\t\t\t\t<\/div>\n\t\t\t\t<\/div>\n\t\t\t\t<div class=\"elementor-element elementor-element-af6892e elementor-widget elementor-widget-heading\" data-id=\"af6892e\" data-element_type=\"widget\" data-e-type=\"widget\" data-widget_type=\"heading.default\">\n\t\t\t\t<div class=\"elementor-widget-container\">\n\t\t\t\t\t<h2 class=\"elementor-heading-title elementor-size-default\">\u00bfC\u00f3mo protegemos sus datos?<\/h2>\t\t\t\t<\/div>\n\t\t\t\t<\/div>\n\t\t\t\t<div class=\"elementor-element elementor-element-6ee7aed elementor-widget__width-inherit elementor-widget-mobile__width-inherit elementor-widget elementor-widget-text-editor\" data-id=\"6ee7aed\" data-element_type=\"widget\" data-e-type=\"widget\" data-widget_type=\"text-editor.default\">\n\t\t\t\t<div class=\"elementor-widget-container\">\n\t\t\t\t\t\t\t\t\t<p>Para garantizar que su informaci\u00f3n personal est\u00e9 segura, comunicamos nuestras pautas de privacidad y seguridad a los empleados y seguimos estrictamente las medidas de precauci\u00f3n con respecto a la privacidad dentro de la empresa.<\/p><p>Nos esforzamos por proteger su informaci\u00f3n personal, y la que nos conf\u00eda, a trav\u00e9s de:<\/p><ul><li>Medidas f\u00edsicas, t\u00e9cnicas y organizativas para reducir el riesgo de p\u00e9rdida;<\/li><li>Mal uso;<\/li><li>Acceso no autorizado;<\/li><li>Divulgaci\u00f3n y alteraci\u00f3n indebida de estos datos.<\/li><\/ul>\t\t\t\t\t\t\t\t<\/div>\n\t\t\t\t<\/div>\n\t\t\t\t<div class=\"elementor-element elementor-element-ffa68a7 elementor-widget elementor-widget-heading\" data-id=\"ffa68a7\" data-element_type=\"widget\" data-e-type=\"widget\" data-widget_type=\"heading.default\">\n\t\t\t\t<div class=\"elementor-widget-container\">\n\t\t\t\t\t<h2 class=\"elementor-heading-title elementor-size-default\">\u00bfCon qui\u00e9n compartimos tus datos?<\/h2>\t\t\t\t<\/div>\n\t\t\t\t<\/div>\n\t\t\t\t<div class=\"elementor-element elementor-element-0d2beb3 elementor-widget__width-inherit elementor-widget-mobile__width-inherit elementor-widget elementor-widget-text-editor\" data-id=\"0d2beb3\" data-element_type=\"widget\" data-e-type=\"widget\" data-widget_type=\"text-editor.default\">\n\t\t\t\t<div class=\"elementor-widget-container\">\n\t\t\t\t\t\t\t\t\t<p>No revelamos informaci\u00f3n que pueda identificar al usuario y nunca compartimos estos datos personales con terceros. Estos datos son para uso interno exclusivo de la empresa para lograr las finalidades expresadas en el punto anterior.<\/p><p>Los datos podr\u00e1n ser compartidos con terceros \u00fanicamente en las siguientes situaciones:<\/p><ul><li>Datos transferidos para fines comerciales con proveedores de servicios externos que nos brindan servicios, como env\u00edo de correos electr\u00f3nicos, publicidad y marketing, monitoreo de seguridad y rendimiento y procesamiento de datos;<\/li><li>Por orden judicial o solicitud de los \u00f3rganos de supervisi\u00f3n gubernamental;<\/li><li>Datos cedidos a organismos p\u00fablicos para cumplir con la legislaci\u00f3n vigente;<\/li><\/ul>\t\t\t\t\t\t\t\t<\/div>\n\t\t\t\t<\/div>\n\t\t\t\t<div class=\"elementor-element elementor-element-a2f0f4a elementor-widget elementor-widget-heading\" data-id=\"a2f0f4a\" data-element_type=\"widget\" data-e-type=\"widget\" data-widget_type=\"heading.default\">\n\t\t\t\t<div class=\"elementor-widget-container\">\n\t\t\t\t\t<h2 class=\"elementor-heading-title elementor-size-default\">Seguridad de la informaci\u00f3n<\/h2>\t\t\t\t<\/div>\n\t\t\t\t<\/div>\n\t\t\t\t<div class=\"elementor-element elementor-element-b87d6a2 elementor-widget__width-inherit elementor-widget-mobile__width-inherit elementor-widget elementor-widget-text-editor\" data-id=\"b87d6a2\" data-element_type=\"widget\" data-e-type=\"widget\" data-widget_type=\"text-editor.default\">\n\t\t\t\t<div class=\"elementor-widget-container\">\n\t\t\t\t\t\t\t\t\t<p>Para garantizar que su informaci\u00f3n personal est\u00e9 segura, comunicamos nuestras pautas de privacidad y seguridad a nuestros empleados y seguimos estrictamente las precauciones de privacidad dentro de la empresa.<\/p><p>Nos esforzamos por proteger su informaci\u00f3n personal, y la que nos ha sido confiada, a trav\u00e9s de medidas f\u00edsicas, t\u00e9cnicas y organizativas para reducir los riesgos de p\u00e9rdida, mal uso, acceso no autorizado, divulgaci\u00f3n y alteraci\u00f3n indebida de estos datos.<\/p>\t\t\t\t\t\t\t\t<\/div>\n\t\t\t\t<\/div>\n\t\t\t\t<div class=\"elementor-element elementor-element-ce0fc9a elementor-widget elementor-widget-heading\" data-id=\"ce0fc9a\" data-element_type=\"widget\" data-e-type=\"widget\" data-widget_type=\"heading.default\">\n\t\t\t\t<div class=\"elementor-widget-container\">\n\t\t\t\t\t<h2 class=\"elementor-heading-title elementor-size-default\">\u00bfCu\u00e1les son sus derechos? (Derechos de los Titulares)<\/h2>\t\t\t\t<\/div>\n\t\t\t\t<\/div>\n\t\t\t\t<div class=\"elementor-element elementor-element-24467aa elementor-widget__width-inherit elementor-widget-mobile__width-inherit elementor-widget elementor-widget-text-editor\" data-id=\"24467aa\" data-element_type=\"widget\" data-e-type=\"widget\" data-widget_type=\"text-editor.default\">\n\t\t\t\t<div class=\"elementor-widget-container\">\n\t\t\t\t\t\t\t\t\t<p>Los titulares de datos personales tienen algunos derechos respecto de sus datos personales y pueden ejercerlos contact\u00e1ndonos.<\/p><p>Los derechos de los titulares son:<\/p><ul><li>Confirmaci\u00f3n de la existencia de tratamiento de datos personales;<\/li><li>Acceso a los datos personales, de conformidad con la legislaci\u00f3n aplicable;<\/li><li>Portabilidad de datos;<\/li><li>Supresi\u00f3n de datos, cuando el tratamiento se base en el consentimiento del Titular o cuando los datos sean innecesarios, excesivos o tratados con incumplimiento de la legislaci\u00f3n aplicable;<\/li><li>Solicitud de informaci\u00f3n sobre el uso compartido de datos;<\/li><li>Revocaci\u00f3n del consentimiento, cuando proceda.<\/li><li>Por razones de seguridad, solo podremos atender la solicitud si estamos seguros de la identidad del usuario. Por ello, podremos solicitar datos o informaci\u00f3n adicional para confirmar la identidad y autenticidad del Titular de los Datos. Estos datos e informaci\u00f3n ser\u00e1n protegidos durante el periodo de almacenamiento y ser\u00e1n eliminados cuando ya no sean de utilidad.<\/li><li>Terminaci\u00f3n del procesamiento<\/li><li>Esta Pol\u00edtica de Privacidad se aplica a las circunstancias antes mencionadas durante todo el per\u00edodo en el que almacenamos datos personales. Almacenamos y conservamos su informaci\u00f3n.<\/li><\/ul>\t\t\t\t\t\t\t\t<\/div>\n\t\t\t\t<\/div>\n\t\t\t\t\t<\/div>\n\t\t\t\t<\/div>\n\t\t\t\t<\/div>","protected":false},"excerpt":{"rendered":"<p>Privacy Policy This Privacy Policy aims to regulate the use by you, the user, of our services through the website. We have updated our privacy policy in accordance with the new General Data Protection Law (LGPD). We collect your data to offer a personalized experience in a secure manner. What is the LGPD? The General [&hellip;]<\/p>\n","protected":false},"author":1,"featured_media":0,"parent":0,"menu_order":0,"comment_status":"closed","ping_status":"closed","template":"elementor_header_footer","meta":{"_acf_changed":false,"_joinchat":[],"footnotes":""},"class_list":["post-911","page","type-page","status-publish","hentry"],"acf":[],"yoast_head":"<!-- This site is optimized with the Yoast SEO plugin v27.4 - https:\/\/yoast.com\/product\/yoast-seo-wordpress\/ -->\n<title>Privacy Policy - Panair LLC<\/title>\n<meta name=\"robots\" content=\"index, follow, max-snippet:-1, max-image-preview:large, max-video-preview:-1\" \/>\n<link rel=\"canonical\" href=\"https:\/\/panairllc.com\/es\/privacy-policy\/\" \/>\n<meta property=\"og:locale\" content=\"es_ES\" \/>\n<meta property=\"og:type\" content=\"article\" \/>\n<meta property=\"og:title\" content=\"Privacy Policy - Panair LLC\" \/>\n<meta property=\"og:description\" content=\"Privacy Policy This Privacy Policy aims to regulate the use by you, the user, of our services through the website. We have updated our privacy policy in accordance with the new General Data Protection Law (LGPD). We collect your data to offer a personalized experience in a secure manner. What is the LGPD? The General [&hellip;]\" \/>\n<meta property=\"og:url\" content=\"https:\/\/panairllc.com\/es\/privacy-policy\/\" \/>\n<meta property=\"og:site_name\" content=\"Panair LLC\" \/>\n<meta property=\"article:modified_time\" content=\"2024-08-08T15:52:02+00:00\" \/>\n<meta name=\"twitter:card\" content=\"summary_large_image\" \/>\n<meta name=\"twitter:label1\" content=\"Tiempo de lectura\" \/>\n\t<meta name=\"twitter:data1\" content=\"4 minutos\" \/>\n<script type=\"application\/ld+json\" class=\"yoast-schema-graph\">{\"@context\":\"https:\\\/\\\/schema.org\",\"@graph\":[{\"@type\":\"WebPage\",\"@id\":\"https:\\\/\\\/panairllc.com\\\/privacy-policy\\\/\",\"url\":\"https:\\\/\\\/panairllc.com\\\/privacy-policy\\\/\",\"name\":\"Privacy Policy - Panair LLC\",\"isPartOf\":{\"@id\":\"https:\\\/\\\/panairllc.com\\\/#website\"},\"datePublished\":\"2024-08-08T15:50:06+00:00\",\"dateModified\":\"2024-08-08T15:52:02+00:00\",\"breadcrumb\":{\"@id\":\"https:\\\/\\\/panairllc.com\\\/privacy-policy\\\/#breadcrumb\"},\"inLanguage\":\"es\",\"potentialAction\":[{\"@type\":\"ReadAction\",\"target\":[\"https:\\\/\\\/panairllc.com\\\/privacy-policy\\\/\"]}]},{\"@type\":\"BreadcrumbList\",\"@id\":\"https:\\\/\\\/panairllc.com\\\/privacy-policy\\\/#breadcrumb\",\"itemListElement\":[{\"@type\":\"ListItem\",\"position\":1,\"name\":\"In\u00edcio\",\"item\":\"https:\\\/\\\/panairllc.com\\\/\"},{\"@type\":\"ListItem\",\"position\":2,\"name\":\"Privacy Policy\"}]},{\"@type\":\"WebSite\",\"@id\":\"https:\\\/\\\/panairllc.com\\\/#website\",\"url\":\"https:\\\/\\\/panairllc.com\\\/\",\"name\":\"Panair LLC\",\"description\":\"\",\"publisher\":{\"@id\":\"https:\\\/\\\/panairllc.com\\\/#organization\"},\"potentialAction\":[{\"@type\":\"SearchAction\",\"target\":{\"@type\":\"EntryPoint\",\"urlTemplate\":\"https:\\\/\\\/panairllc.com\\\/?s={search_term_string}\"},\"query-input\":{\"@type\":\"PropertyValueSpecification\",\"valueRequired\":true,\"valueName\":\"search_term_string\"}}],\"inLanguage\":\"es\"},{\"@type\":\"Organization\",\"@id\":\"https:\\\/\\\/panairllc.com\\\/#organization\",\"name\":\"Panair LLC\",\"url\":\"https:\\\/\\\/panairllc.com\\\/\",\"logo\":{\"@type\":\"ImageObject\",\"inLanguage\":\"es\",\"@id\":\"https:\\\/\\\/panairllc.com\\\/#\\\/schema\\\/logo\\\/image\\\/\",\"url\":\"https:\\\/\\\/panairllc.com\\\/wp-content\\\/uploads\\\/2024\\\/08\\\/panairllc_logo.jpeg\",\"contentUrl\":\"https:\\\/\\\/panairllc.com\\\/wp-content\\\/uploads\\\/2024\\\/08\\\/panairllc_logo.jpeg\",\"width\":200,\"height\":200,\"caption\":\"Panair LLC\"},\"image\":{\"@id\":\"https:\\\/\\\/panairllc.com\\\/#\\\/schema\\\/logo\\\/image\\\/\"},\"sameAs\":[\"https:\\\/\\\/www.linkedin.com\\\/company\\\/panairllc\"]}]}<\/script>\n<!-- \/ Yoast SEO plugin. -->","yoast_head_json":{"title":"Privacy Policy - Panair LLC","robots":{"index":"index","follow":"follow","max-snippet":"max-snippet:-1","max-image-preview":"max-image-preview:large","max-video-preview":"max-video-preview:-1"},"canonical":"https:\/\/panairllc.com\/es\/privacy-policy\/","og_locale":"es_ES","og_type":"article","og_title":"Privacy Policy - Panair LLC","og_description":"Privacy Policy This Privacy Policy aims to regulate the use by you, the user, of our services through the website. We have updated our privacy policy in accordance with the new General Data Protection Law (LGPD). We collect your data to offer a personalized experience in a secure manner. What is the LGPD? The General [&hellip;]","og_url":"https:\/\/panairllc.com\/es\/privacy-policy\/","og_site_name":"Panair LLC","article_modified_time":"2024-08-08T15:52:02+00:00","twitter_card":"summary_large_image","twitter_misc":{"Tiempo de lectura":"4 minutos"},"schema":{"@context":"https:\/\/schema.org","@graph":[{"@type":"WebPage","@id":"https:\/\/panairllc.com\/privacy-policy\/","url":"https:\/\/panairllc.com\/privacy-policy\/","name":"Privacy Policy - Panair LLC","isPartOf":{"@id":"https:\/\/panairllc.com\/#website"},"datePublished":"2024-08-08T15:50:06+00:00","dateModified":"2024-08-08T15:52:02+00:00","breadcrumb":{"@id":"https:\/\/panairllc.com\/privacy-policy\/#breadcrumb"},"inLanguage":"es","potentialAction":[{"@type":"ReadAction","target":["https:\/\/panairllc.com\/privacy-policy\/"]}]},{"@type":"BreadcrumbList","@id":"https:\/\/panairllc.com\/privacy-policy\/#breadcrumb","itemListElement":[{"@type":"ListItem","position":1,"name":"In\u00edcio","item":"https:\/\/panairllc.com\/"},{"@type":"ListItem","position":2,"name":"Privacy Policy"}]},{"@type":"WebSite","@id":"https:\/\/panairllc.com\/#website","url":"https:\/\/panairllc.com\/","name":"Panair LLC","description":"","publisher":{"@id":"https:\/\/panairllc.com\/#organization"},"potentialAction":[{"@type":"SearchAction","target":{"@type":"EntryPoint","urlTemplate":"https:\/\/panairllc.com\/?s={search_term_string}"},"query-input":{"@type":"PropertyValueSpecification","valueRequired":true,"valueName":"search_term_string"}}],"inLanguage":"es"},{"@type":"Organization","@id":"https:\/\/panairllc.com\/#organization","name":"Panair LLC","url":"https:\/\/panairllc.com\/","logo":{"@type":"ImageObject","inLanguage":"es","@id":"https:\/\/panairllc.com\/#\/schema\/logo\/image\/","url":"https:\/\/panairllc.com\/wp-content\/uploads\/2024\/08\/panairllc_logo.jpeg","contentUrl":"https:\/\/panairllc.com\/wp-content\/uploads\/2024\/08\/panairllc_logo.jpeg","width":200,"height":200,"caption":"Panair LLC"},"image":{"@id":"https:\/\/panairllc.com\/#\/schema\/logo\/image\/"},"sameAs":["https:\/\/www.linkedin.com\/company\/panairllc"]}]}},"_links":{"self":[{"href":"https:\/\/panairllc.com\/es\/wp-json\/wp\/v2\/pages\/911","targetHints":{"allow":["GET"]}}],"collection":[{"href":"https:\/\/panairllc.com\/es\/wp-json\/wp\/v2\/pages"}],"about":[{"href":"https:\/\/panairllc.com\/es\/wp-json\/wp\/v2\/types\/page"}],"author":[{"embeddable":true,"href":"https:\/\/panairllc.com\/es\/wp-json\/wp\/v2\/users\/1"}],"replies":[{"embeddable":true,"href":"https:\/\/panairllc.com\/es\/wp-json\/wp\/v2\/comments?post=911"}],"version-history":[{"count":4,"href":"https:\/\/panairllc.com\/es\/wp-json\/wp\/v2\/pages\/911\/revisions"}],"predecessor-version":[{"id":915,"href":"https:\/\/panairllc.com\/es\/wp-json\/wp\/v2\/pages\/911\/revisions\/915"}],"wp:attachment":[{"href":"https:\/\/panairllc.com\/es\/wp-json\/wp\/v2\/media?parent=911"}],"curies":[{"name":"wp","href":"https:\/\/api.w.org\/{rel}","templated":true}]}}