{"id":9,"date":"2024-05-14T13:11:13","date_gmt":"2024-05-14T13:11:13","guid":{"rendered":"https:\/\/panairllc.com\/?page_id=9"},"modified":"2024-08-15T18:24:37","modified_gmt":"2024-08-15T18:24:37","slug":"company","status":"publish","type":"page","link":"https:\/\/panairllc.com\/pt\/company\/","title":{"rendered":"Empresa"},"content":{"rendered":"<div data-elementor-type=\"wp-page\" data-elementor-id=\"9\" class=\"elementor elementor-9\" data-elementor-post-type=\"page\">\n\t\t\t\t<div class=\"elementor-element elementor-element-4db78fb e-flex e-con-boxed e-con e-parent\" data-id=\"4db78fb\" data-element_type=\"container\" data-e-type=\"container\" data-settings=\"{&quot;background_background&quot;:&quot;classic&quot;}\">\n\t\t\t\t\t<div class=\"e-con-inner\">\n\t\t\t\t<div class=\"elementor-element elementor-element-851e65d elementor-widget__width-initial elementor-widget-mobile__width-inherit elementor-widget elementor-widget-heading\" data-id=\"851e65d\" data-element_type=\"widget\" data-e-type=\"widget\" data-widget_type=\"heading.default\">\n\t\t\t\t<div class=\"elementor-widget-container\">\n\t\t\t\t\t<h1 class=\"elementor-heading-title elementor-size-default\"><br>Sobre nossa empresa<br><br><\/h1>\t\t\t\t<\/div>\n\t\t\t\t<\/div>\n\t\t\t\t<div class=\"elementor-element elementor-element-91b6306 elementor-widget__width-initial elementor-widget-mobile__width-inherit elementor-widget elementor-widget-text-editor\" data-id=\"91b6306\" data-element_type=\"widget\" data-e-type=\"widget\" data-widget_type=\"text-editor.default\">\n\t\t\t\t<div class=\"elementor-widget-container\">\n\t\t\t\t\t\t\t\t\t<ul><li><h4>Atuamos h\u00e1 mais de 40 anos nos mercados de avia\u00e7\u00e3o OEM, companhias a\u00e9reas e MRO, defesa e seguran\u00e7a, ferrovias e mobilidade el\u00e9trica na Am\u00e9rica Latina.<\/h4><\/li><li><h4>Somos uma equipe altamente experiente, tanto t\u00e9cnica quanto comercialmente.<\/h4><\/li><li><h4>Contribu\u00edmos para diminuir o TCO (Custo Total de Propriedade) reduzindo os custos de vendas e suporte.<\/h4><\/li><li><h4>N\u00f3s nos preocupamos com conformidade e assuntos relacionados, e somos uma empresa de TCompliance.<\/h4><\/li><li><h4>Facilitamos as comunica\u00e7\u00f5es, fornecendo suporte local ao cliente com respostas r\u00e1pidas de primeiro n\u00edvel.<\/h4><\/li><\/ul>\t\t\t\t\t\t\t\t<\/div>\n\t\t\t\t<\/div>\n\t\t\t\t\t<\/div>\n\t\t\t\t<\/div>\n\t\t\t\t<\/div>","protected":false},"excerpt":{"rendered":"<p>About our Company We have been active for over 40 years in the Aviation OEM, Airlines &amp; MRO,\u00a0Defense &amp; Security,\u00a0Railroad &amp;\u00a0eMobility markets in Latin America. We are a highly experienced team, both technically and commercially. We contribute to lower TCO (Total Cost of Ownership)\u00a0by reducing\u00a0sales and support costs. We care about compliance and related subjects, [&hellip;]<\/p>\n","protected":false},"author":1,"featured_media":0,"parent":0,"menu_order":0,"comment_status":"closed","ping_status":"closed","template":"elementor_header_footer","meta":{"_acf_changed":false,"_joinchat":[],"footnotes":""},"class_list":["post-9","page","type-page","status-publish","hentry"],"acf":[],"yoast_head":"<!-- This site is optimized with the Yoast SEO plugin v27.4 - https:\/\/yoast.com\/product\/yoast-seo-wordpress\/ -->\n<title>Company - Panair LLC<\/title>\n<meta name=\"robots\" content=\"index, follow, max-snippet:-1, max-image-preview:large, max-video-preview:-1\" \/>\n<link rel=\"canonical\" href=\"https:\/\/panairllc.com\/pt\/company\/\" \/>\n<meta property=\"og:locale\" content=\"pt_BR\" \/>\n<meta property=\"og:type\" content=\"article\" \/>\n<meta property=\"og:title\" content=\"Company - Panair LLC\" \/>\n<meta property=\"og:description\" content=\"About our Company We have been active for over 40 years in the Aviation OEM, Airlines &amp; MRO,\u00a0Defense &amp; Security,\u00a0Railroad &amp;\u00a0eMobility markets in Latin America. We are a highly experienced team, both technically and commercially. We contribute to lower TCO (Total Cost of Ownership)\u00a0by reducing\u00a0sales and support costs. We care about compliance and related subjects, [&hellip;]\" \/>\n<meta property=\"og:url\" content=\"https:\/\/panairllc.com\/pt\/company\/\" \/>\n<meta property=\"og:site_name\" content=\"Panair LLC\" \/>\n<meta property=\"article:modified_time\" content=\"2024-08-15T18:24:37+00:00\" \/>\n<meta name=\"twitter:card\" content=\"summary_large_image\" \/>\n<meta name=\"twitter:label1\" content=\"Est. tempo de leitura\" \/>\n\t<meta name=\"twitter:data1\" content=\"1 minuto\" \/>\n<script type=\"application\/ld+json\" class=\"yoast-schema-graph\">{\"@context\":\"https:\\\/\\\/schema.org\",\"@graph\":[{\"@type\":\"WebPage\",\"@id\":\"https:\\\/\\\/panairllc.com\\\/company\\\/\",\"url\":\"https:\\\/\\\/panairllc.com\\\/company\\\/\",\"name\":\"Company - Panair LLC\",\"isPartOf\":{\"@id\":\"https:\\\/\\\/panairllc.com\\\/#website\"},\"datePublished\":\"2024-05-14T13:11:13+00:00\",\"dateModified\":\"2024-08-15T18:24:37+00:00\",\"breadcrumb\":{\"@id\":\"https:\\\/\\\/panairllc.com\\\/company\\\/#breadcrumb\"},\"inLanguage\":\"pt-BR\",\"potentialAction\":[{\"@type\":\"ReadAction\",\"target\":[\"https:\\\/\\\/panairllc.com\\\/company\\\/\"]}]},{\"@type\":\"BreadcrumbList\",\"@id\":\"https:\\\/\\\/panairllc.com\\\/company\\\/#breadcrumb\",\"itemListElement\":[{\"@type\":\"ListItem\",\"position\":1,\"name\":\"In\u00edcio\",\"item\":\"https:\\\/\\\/panairllc.com\\\/\"},{\"@type\":\"ListItem\",\"position\":2,\"name\":\"Company\"}]},{\"@type\":\"WebSite\",\"@id\":\"https:\\\/\\\/panairllc.com\\\/#website\",\"url\":\"https:\\\/\\\/panairllc.com\\\/\",\"name\":\"Panair LLC\",\"description\":\"\",\"publisher\":{\"@id\":\"https:\\\/\\\/panairllc.com\\\/#organization\"},\"potentialAction\":[{\"@type\":\"SearchAction\",\"target\":{\"@type\":\"EntryPoint\",\"urlTemplate\":\"https:\\\/\\\/panairllc.com\\\/?s={search_term_string}\"},\"query-input\":{\"@type\":\"PropertyValueSpecification\",\"valueRequired\":true,\"valueName\":\"search_term_string\"}}],\"inLanguage\":\"pt-BR\"},{\"@type\":\"Organization\",\"@id\":\"https:\\\/\\\/panairllc.com\\\/#organization\",\"name\":\"Panair LLC\",\"url\":\"https:\\\/\\\/panairllc.com\\\/\",\"logo\":{\"@type\":\"ImageObject\",\"inLanguage\":\"pt-BR\",\"@id\":\"https:\\\/\\\/panairllc.com\\\/#\\\/schema\\\/logo\\\/image\\\/\",\"url\":\"https:\\\/\\\/panairllc.com\\\/wp-content\\\/uploads\\\/2024\\\/08\\\/panairllc_logo.jpeg\",\"contentUrl\":\"https:\\\/\\\/panairllc.com\\\/wp-content\\\/uploads\\\/2024\\\/08\\\/panairllc_logo.jpeg\",\"width\":200,\"height\":200,\"caption\":\"Panair LLC\"},\"image\":{\"@id\":\"https:\\\/\\\/panairllc.com\\\/#\\\/schema\\\/logo\\\/image\\\/\"},\"sameAs\":[\"https:\\\/\\\/www.linkedin.com\\\/company\\\/panairllc\"]}]}<\/script>\n<!-- \/ Yoast SEO plugin. -->","yoast_head_json":{"title":"Empresa - Panair LLC","robots":{"index":"index","follow":"follow","max-snippet":"max-snippet:-1","max-image-preview":"max-image-preview:large","max-video-preview":"max-video-preview:-1"},"canonical":"https:\/\/panairllc.com\/pt\/company\/","og_locale":"pt_BR","og_type":"article","og_title":"Company - Panair LLC","og_description":"About our Company We have been active for over 40 years in the Aviation OEM, Airlines &amp; MRO,\u00a0Defense &amp; Security,\u00a0Railroad &amp;\u00a0eMobility markets in Latin America. We are a highly experienced team, both technically and commercially. We contribute to lower TCO (Total Cost of Ownership)\u00a0by reducing\u00a0sales and support costs. We care about compliance and related subjects, [&hellip;]","og_url":"https:\/\/panairllc.com\/pt\/company\/","og_site_name":"Panair LLC","article_modified_time":"2024-08-15T18:24:37+00:00","twitter_card":"summary_large_image","twitter_misc":{"Est. tempo de leitura":"1 minuto"},"schema":{"@context":"https:\/\/schema.org","@graph":[{"@type":"WebPage","@id":"https:\/\/panairllc.com\/company\/","url":"https:\/\/panairllc.com\/company\/","name":"Empresa - Panair LLC","isPartOf":{"@id":"https:\/\/panairllc.com\/#website"},"datePublished":"2024-05-14T13:11:13+00:00","dateModified":"2024-08-15T18:24:37+00:00","breadcrumb":{"@id":"https:\/\/panairllc.com\/company\/#breadcrumb"},"inLanguage":"pt-BR","potentialAction":[{"@type":"ReadAction","target":["https:\/\/panairllc.com\/company\/"]}]},{"@type":"BreadcrumbList","@id":"https:\/\/panairllc.com\/company\/#breadcrumb","itemListElement":[{"@type":"ListItem","position":1,"name":"In\u00edcio","item":"https:\/\/panairllc.com\/"},{"@type":"ListItem","position":2,"name":"Company"}]},{"@type":"WebSite","@id":"https:\/\/panairllc.com\/#website","url":"https:\/\/panairllc.com\/","name":"Panair LLC","description":"","publisher":{"@id":"https:\/\/panairllc.com\/#organization"},"potentialAction":[{"@type":"SearchAction","target":{"@type":"EntryPoint","urlTemplate":"https:\/\/panairllc.com\/?s={search_term_string}"},"query-input":{"@type":"PropertyValueSpecification","valueRequired":true,"valueName":"search_term_string"}}],"inLanguage":"pt-BR"},{"@type":"Organization","@id":"https:\/\/panairllc.com\/#organization","name":"Panair LLC","url":"https:\/\/panairllc.com\/","logo":{"@type":"ImageObject","inLanguage":"pt-BR","@id":"https:\/\/panairllc.com\/#\/schema\/logo\/image\/","url":"https:\/\/panairllc.com\/wp-content\/uploads\/2024\/08\/panairllc_logo.jpeg","contentUrl":"https:\/\/panairllc.com\/wp-content\/uploads\/2024\/08\/panairllc_logo.jpeg","width":200,"height":200,"caption":"Panair LLC"},"image":{"@id":"https:\/\/panairllc.com\/#\/schema\/logo\/image\/"},"sameAs":["https:\/\/www.linkedin.com\/company\/panairllc"]}]}},"_links":{"self":[{"href":"https:\/\/panairllc.com\/pt\/wp-json\/wp\/v2\/pages\/9","targetHints":{"allow":["GET"]}}],"collection":[{"href":"https:\/\/panairllc.com\/pt\/wp-json\/wp\/v2\/pages"}],"about":[{"href":"https:\/\/panairllc.com\/pt\/wp-json\/wp\/v2\/types\/page"}],"author":[{"embeddable":true,"href":"https:\/\/panairllc.com\/pt\/wp-json\/wp\/v2\/users\/1"}],"replies":[{"embeddable":true,"href":"https:\/\/panairllc.com\/pt\/wp-json\/wp\/v2\/comments?post=9"}],"version-history":[{"count":103,"href":"https:\/\/panairllc.com\/pt\/wp-json\/wp\/v2\/pages\/9\/revisions"}],"predecessor-version":[{"id":935,"href":"https:\/\/panairllc.com\/pt\/wp-json\/wp\/v2\/pages\/9\/revisions\/935"}],"wp:attachment":[{"href":"https:\/\/panairllc.com\/pt\/wp-json\/wp\/v2\/media?parent=9"}],"curies":[{"name":"wp","href":"https:\/\/api.w.org\/{rel}","templated":true}]}}