{"id":911,"date":"2024-08-08T15:50:06","date_gmt":"2024-08-08T15:50:06","guid":{"rendered":"https:\/\/panairllc.com\/?page_id=911"},"modified":"2024-08-08T15:52:02","modified_gmt":"2024-08-08T15:52:02","slug":"privacy-policy","status":"publish","type":"page","link":"https:\/\/panairllc.com\/pt\/privacy-policy\/","title":{"rendered":"pol\u00edtica de Privacidade"},"content":{"rendered":"<div data-elementor-type=\"wp-page\" data-elementor-id=\"911\" class=\"elementor elementor-911\" data-elementor-post-type=\"page\">\n\t\t\t\t<div class=\"elementor-element elementor-element-7a03511 e-flex e-con-boxed e-con e-parent\" data-id=\"7a03511\" data-element_type=\"container\" data-e-type=\"container\" data-settings=\"{&quot;background_background&quot;:&quot;classic&quot;}\">\n\t\t\t\t\t<div class=\"e-con-inner\">\n\t\t\t\t<div class=\"elementor-element elementor-element-e5ca8ed elementor-widget__width-initial elementor-widget-mobile__width-inherit elementor-widget elementor-widget-heading\" data-id=\"e5ca8ed\" data-element_type=\"widget\" data-e-type=\"widget\" data-widget_type=\"heading.default\">\n\t\t\t\t<div class=\"elementor-widget-container\">\n\t\t\t\t\t<h1 class=\"elementor-heading-title elementor-size-default\">pol\u00edtica de Privacidade<\/h1>\t\t\t\t<\/div>\n\t\t\t\t<\/div>\n\t\t\t\t<div class=\"elementor-element elementor-element-63b6cff elementor-widget__width-inherit elementor-widget-mobile__width-inherit elementor-widget elementor-widget-text-editor\" data-id=\"63b6cff\" data-element_type=\"widget\" data-e-type=\"widget\" data-widget_type=\"text-editor.default\">\n\t\t\t\t<div class=\"elementor-widget-container\">\n\t\t\t\t\t\t\t\t\t<p>Esta Pol\u00edtica de Privacidade tem como objetivo regular a utiliza\u00e7\u00e3o por voc\u00ea, usu\u00e1rio, de nossos servi\u00e7os atrav\u00e9s do site.<\/p><p>Atualizamos nossa pol\u00edtica de privacidade de acordo com a nova Lei Geral de Prote\u00e7\u00e3o de Dados (LGPD). Coletamos seus dados para oferecer uma experi\u00eancia personalizada de forma segura.<\/p>\t\t\t\t\t\t\t\t<\/div>\n\t\t\t\t<\/div>\n\t\t\t\t\t<\/div>\n\t\t\t\t<\/div>\n\t\t<div class=\"elementor-element elementor-element-03b5eab e-flex e-con-boxed e-con e-parent\" data-id=\"03b5eab\" data-element_type=\"container\" data-e-type=\"container\" data-settings=\"{&quot;background_background&quot;:&quot;classic&quot;}\">\n\t\t\t\t\t<div class=\"e-con-inner\">\n\t\t\t\t<div class=\"elementor-element elementor-element-ce6f586 elementor-widget elementor-widget-heading\" data-id=\"ce6f586\" data-element_type=\"widget\" data-e-type=\"widget\" data-widget_type=\"heading.default\">\n\t\t\t\t<div class=\"elementor-widget-container\">\n\t\t\t\t\t<h2 class=\"elementor-heading-title elementor-size-default\">O que \u00e9 a LGPD?<\/h2>\t\t\t\t<\/div>\n\t\t\t\t<\/div>\n\t\t\t\t<div class=\"elementor-element elementor-element-1c1f8da elementor-widget__width-inherit elementor-widget-mobile__width-inherit elementor-widget elementor-widget-text-editor\" data-id=\"1c1f8da\" data-element_type=\"widget\" data-e-type=\"widget\" data-widget_type=\"text-editor.default\">\n\t\t\t\t<div class=\"elementor-widget-container\">\n\t\t\t\t\t\t\t\t\t<p>A Lei Geral de Prote\u00e7\u00e3o de Dados foi promulgada em 2018, garantindo maior seguran\u00e7a e transpar\u00eancia na coleta, armazenamento e compartilhamento de dados pessoais.<\/p><p>\u00c9 uma lei que estabelece regras para o uso de dados pessoais de pessoas f\u00edsicas por entidades p\u00fablicas e privadas, que garante direitos aos titulares dos dados e estabelece uma regra m\u00ednima para coleta, armazenamento, tratamento e compartilhamento de dados pessoais de pessoas f\u00edsicas.<\/p><p>As regras estabelecidas pela LGPD devem ser observadas por todos os setores do mercado: bancos, hospitais, empresas, empresas de e-commerce e tamb\u00e9m o setor p\u00fablico.<\/p>\t\t\t\t\t\t\t\t<\/div>\n\t\t\t\t<\/div>\n\t\t\t\t<div class=\"elementor-element elementor-element-3c577bd elementor-widget elementor-widget-heading\" data-id=\"3c577bd\" data-element_type=\"widget\" data-e-type=\"widget\" data-widget_type=\"heading.default\">\n\t\t\t\t<div class=\"elementor-widget-container\">\n\t\t\t\t\t<h2 class=\"elementor-heading-title elementor-size-default\">O que s\u00e3o dados pessoais?<\/h2>\t\t\t\t<\/div>\n\t\t\t\t<\/div>\n\t\t\t\t<div class=\"elementor-element elementor-element-66a9028 elementor-widget__width-inherit elementor-widget-mobile__width-inherit elementor-widget elementor-widget-text-editor\" data-id=\"66a9028\" data-element_type=\"widget\" data-e-type=\"widget\" data-widget_type=\"text-editor.default\">\n\t\t\t\t<div class=\"elementor-widget-container\">\n\t\t\t\t\t\t\t\t\tS\u00e3o informa\u00e7\u00f5es relativas a uma pessoa viva, identificada ou identific\u00e1vel. Constituem tamb\u00e9m dados pessoais o conjunto de informa\u00e7\u00f5es distintas que podem levar \u00e0 identifica\u00e7\u00e3o de uma pessoa espec\u00edfica.\t\t\t\t\t\t\t\t<\/div>\n\t\t\t\t<\/div>\n\t\t\t\t<div class=\"elementor-element elementor-element-70a9da5 elementor-widget elementor-widget-heading\" data-id=\"70a9da5\" data-element_type=\"widget\" data-e-type=\"widget\" data-widget_type=\"heading.default\">\n\t\t\t\t<div class=\"elementor-widget-container\">\n\t\t\t\t\t<h2 class=\"elementor-heading-title elementor-size-default\">Quais dados coletamos, como os coletamos e como os usamos?<\/h2>\t\t\t\t<\/div>\n\t\t\t\t<\/div>\n\t\t\t\t<div class=\"elementor-element elementor-element-a954337 elementor-widget__width-inherit elementor-widget-mobile__width-inherit elementor-widget elementor-widget-text-editor\" data-id=\"a954337\" data-element_type=\"widget\" data-e-type=\"widget\" data-widget_type=\"text-editor.default\">\n\t\t\t\t<div class=\"elementor-widget-container\">\n\t\t\t\t\t\t\t\t\t<p>Coletamos dados das seguintes maneiras, sendo os dados coletados diferentes em cada uma delas e para finalidades diferentes:<\/p><p>Cookies: Dados podem ser coletados por meio de cookies, com o consentimento do usu\u00e1rio. Para mais informa\u00e7\u00f5es, consulte nossa Pol\u00edtica de Cookies abaixo.<\/p><p>WhatsApp e Formul\u00e1rios: Quando um usu\u00e1rio nos contata por meio de mensagens, como e-mail pelo formul\u00e1rio de contato e WhatsApp, coletamos dados para identificar o usu\u00e1rio, bem como para atender \u00e0 sua solicita\u00e7\u00e3o. Isso pode incluir, entre outros, Nome, e-mail, telefone, empresa, endere\u00e7o e mensagem. Al\u00e9m destes, coletamos quaisquer dados pessoais que sejam fornecidos espontaneamente pelo usu\u00e1rio.<\/p>\t\t\t\t\t\t\t\t<\/div>\n\t\t\t\t<\/div>\n\t\t\t\t<div class=\"elementor-element elementor-element-af6892e elementor-widget elementor-widget-heading\" data-id=\"af6892e\" data-element_type=\"widget\" data-e-type=\"widget\" data-widget_type=\"heading.default\">\n\t\t\t\t<div class=\"elementor-widget-container\">\n\t\t\t\t\t<h2 class=\"elementor-heading-title elementor-size-default\">Como protegemos seus dados?<\/h2>\t\t\t\t<\/div>\n\t\t\t\t<\/div>\n\t\t\t\t<div class=\"elementor-element elementor-element-6ee7aed elementor-widget__width-inherit elementor-widget-mobile__width-inherit elementor-widget elementor-widget-text-editor\" data-id=\"6ee7aed\" data-element_type=\"widget\" data-e-type=\"widget\" data-widget_type=\"text-editor.default\">\n\t\t\t\t<div class=\"elementor-widget-container\">\n\t\t\t\t\t\t\t\t\t<p>Para garantir que suas informa\u00e7\u00f5es pessoais estejam seguras, comunicamos nossas diretrizes de privacidade e seguran\u00e7a aos funcion\u00e1rios e seguimos rigorosamente as medidas de precau\u00e7\u00e3o relacionadas \u00e0 privacidade dentro da empresa.<\/p><p>N\u00f3s nos esfor\u00e7amos para proteger suas informa\u00e7\u00f5es pessoais, e aquelas que nos s\u00e3o confiadas, por meio de:<\/p><ul><li>Medidas f\u00edsicas, t\u00e9cnicas e organizacionais para reduzir o risco de perdas;<\/li><li>Uso indevido;<\/li><li>Acesso n\u00e3o autorizado;<\/li><li>Divulga\u00e7\u00e3o e altera\u00e7\u00e3o indevidas desses dados.<\/li><\/ul>\t\t\t\t\t\t\t\t<\/div>\n\t\t\t\t<\/div>\n\t\t\t\t<div class=\"elementor-element elementor-element-ffa68a7 elementor-widget elementor-widget-heading\" data-id=\"ffa68a7\" data-element_type=\"widget\" data-e-type=\"widget\" data-widget_type=\"heading.default\">\n\t\t\t\t<div class=\"elementor-widget-container\">\n\t\t\t\t\t<h2 class=\"elementor-heading-title elementor-size-default\">Com quem compartilhamos seus dados?<\/h2>\t\t\t\t<\/div>\n\t\t\t\t<\/div>\n\t\t\t\t<div class=\"elementor-element elementor-element-0d2beb3 elementor-widget__width-inherit elementor-widget-mobile__width-inherit elementor-widget elementor-widget-text-editor\" data-id=\"0d2beb3\" data-element_type=\"widget\" data-e-type=\"widget\" data-widget_type=\"text-editor.default\">\n\t\t\t\t<div class=\"elementor-widget-container\">\n\t\t\t\t\t\t\t\t\t<p>N\u00e3o divulgamos informa\u00e7\u00f5es que possam identificar o usu\u00e1rio e nunca compartilhamos esses dados pessoais com terceiros. Esses dados s\u00e3o para uso interno exclusivo da empresa para atingir as finalidades expressas no item anterior.<\/p><p>Os dados poder\u00e3o ser compartilhados com terceiros somente nas seguintes situa\u00e7\u00f5es:<\/p><ul><li>Dados transferidos para fins comerciais com provedores de servi\u00e7os terceirizados que nos fornecem servi\u00e7os, como envio de e-mails, publicidade e marketing, monitoramento de seguran\u00e7a e desempenho e processamento de dados;<\/li><li>Por ordem judicial ou solicita\u00e7\u00e3o de \u00f3rg\u00e3os de supervis\u00e3o governamentais;<\/li><li>Dados transferidos a \u00f3rg\u00e3os p\u00fablicos para cumprimento da legisla\u00e7\u00e3o vigente;<\/li><\/ul>\t\t\t\t\t\t\t\t<\/div>\n\t\t\t\t<\/div>\n\t\t\t\t<div class=\"elementor-element elementor-element-a2f0f4a elementor-widget elementor-widget-heading\" data-id=\"a2f0f4a\" data-element_type=\"widget\" data-e-type=\"widget\" data-widget_type=\"heading.default\">\n\t\t\t\t<div class=\"elementor-widget-container\">\n\t\t\t\t\t<h2 class=\"elementor-heading-title elementor-size-default\">Seguran\u00e7a da Informa\u00e7\u00e3o<\/h2>\t\t\t\t<\/div>\n\t\t\t\t<\/div>\n\t\t\t\t<div class=\"elementor-element elementor-element-b87d6a2 elementor-widget__width-inherit elementor-widget-mobile__width-inherit elementor-widget elementor-widget-text-editor\" data-id=\"b87d6a2\" data-element_type=\"widget\" data-e-type=\"widget\" data-widget_type=\"text-editor.default\">\n\t\t\t\t<div class=\"elementor-widget-container\">\n\t\t\t\t\t\t\t\t\t<p>Para garantir que suas informa\u00e7\u00f5es pessoais estejam seguras, comunicamos nossas diretrizes de privacidade e seguran\u00e7a aos nossos funcion\u00e1rios e seguimos rigorosamente as precau\u00e7\u00f5es de privacidade dentro da empresa.<\/p><p>N\u00f3s nos esfor\u00e7amos para proteger suas informa\u00e7\u00f5es pessoais, e aquelas que nos s\u00e3o confiadas, por meio de medidas f\u00edsicas, t\u00e9cnicas e organizacionais para reduzir os riscos de perda, uso indevido, acesso n\u00e3o autorizado, divulga\u00e7\u00e3o e altera\u00e7\u00e3o indevida desses dados.<\/p>\t\t\t\t\t\t\t\t<\/div>\n\t\t\t\t<\/div>\n\t\t\t\t<div class=\"elementor-element elementor-element-ce0fc9a elementor-widget elementor-widget-heading\" data-id=\"ce0fc9a\" data-element_type=\"widget\" data-e-type=\"widget\" data-widget_type=\"heading.default\">\n\t\t\t\t<div class=\"elementor-widget-container\">\n\t\t\t\t\t<h2 class=\"elementor-heading-title elementor-size-default\">Quais s\u00e3o os seus direitos? (Direitos dos Titulares)<\/h2>\t\t\t\t<\/div>\n\t\t\t\t<\/div>\n\t\t\t\t<div class=\"elementor-element elementor-element-24467aa elementor-widget__width-inherit elementor-widget-mobile__width-inherit elementor-widget elementor-widget-text-editor\" data-id=\"24467aa\" data-element_type=\"widget\" data-e-type=\"widget\" data-widget_type=\"text-editor.default\">\n\t\t\t\t<div class=\"elementor-widget-container\">\n\t\t\t\t\t\t\t\t\t<p>Os titulares de dados pessoais t\u00eam alguns direitos relativos aos seus dados pessoais e podem exerc\u00ea-los entrando em contato conosco.<\/p><p>Os direitos dos titulares s\u00e3o:<\/p><ul><li>Confirma\u00e7\u00e3o da exist\u00eancia de tratamento de dados pessoais;<\/li><li>Acesso aos dados pessoais, nos termos da legisla\u00e7\u00e3o aplic\u00e1vel;<\/li><li>Portabilidade de dados;<\/li><li>Elimina\u00e7\u00e3o dos dados, quando estes forem tratados com base no consentimento do Titular ou quando os dados forem desnecess\u00e1rios, excessivos ou tratados em desconformidade com a legisla\u00e7\u00e3o aplic\u00e1vel;<\/li><li>Solicita\u00e7\u00e3o de informa\u00e7\u00f5es sobre uso compartilhado de dados;<\/li><li>Revoga\u00e7\u00e3o do consentimento, quando aplic\u00e1vel.<\/li><li>Por raz\u00f5es de seguran\u00e7a, s\u00f3 podemos atender \u00e0 solicita\u00e7\u00e3o se tivermos certeza da identidade do usu\u00e1rio. Portanto, podemos solicitar dados ou informa\u00e7\u00f5es adicionais para confirmar a identidade e autenticidade do Titular dos Dados. Esses dados e informa\u00e7\u00f5es ser\u00e3o protegidos durante o per\u00edodo de armazenamento e exclu\u00eddos quando n\u00e3o forem mais \u00fateis.<\/li><li>T\u00e9rmino do processamento<\/li><li>Esta Pol\u00edtica de Privacidade se aplica \u00e0s circunst\u00e2ncias acima por todo o per\u00edodo em que armazenamos dados pessoais. Armazenamos e mantemos suas informa\u00e7\u00f5es.<\/li><\/ul>\t\t\t\t\t\t\t\t<\/div>\n\t\t\t\t<\/div>\n\t\t\t\t\t<\/div>\n\t\t\t\t<\/div>\n\t\t\t\t<\/div>","protected":false},"excerpt":{"rendered":"<p>Privacy Policy This Privacy Policy aims to regulate the use by you, the user, of our services through the website. We have updated our privacy policy in accordance with the new General Data Protection Law (LGPD). We collect your data to offer a personalized experience in a secure manner. What is the LGPD? The General [&hellip;]<\/p>\n","protected":false},"author":1,"featured_media":0,"parent":0,"menu_order":0,"comment_status":"closed","ping_status":"closed","template":"elementor_header_footer","meta":{"_acf_changed":false,"_joinchat":[],"footnotes":""},"class_list":["post-911","page","type-page","status-publish","hentry"],"acf":[],"yoast_head":"<!-- This site is optimized with the Yoast SEO plugin v27.4 - https:\/\/yoast.com\/product\/yoast-seo-wordpress\/ -->\n<title>Privacy Policy - Panair LLC<\/title>\n<meta name=\"robots\" content=\"index, follow, max-snippet:-1, max-image-preview:large, max-video-preview:-1\" \/>\n<link rel=\"canonical\" href=\"https:\/\/panairllc.com\/pt\/privacy-policy\/\" \/>\n<meta property=\"og:locale\" content=\"pt_BR\" \/>\n<meta property=\"og:type\" content=\"article\" \/>\n<meta property=\"og:title\" content=\"Privacy Policy - Panair LLC\" \/>\n<meta property=\"og:description\" content=\"Privacy Policy This Privacy Policy aims to regulate the use by you, the user, of our services through the website. We have updated our privacy policy in accordance with the new General Data Protection Law (LGPD). We collect your data to offer a personalized experience in a secure manner. What is the LGPD? The General [&hellip;]\" \/>\n<meta property=\"og:url\" content=\"https:\/\/panairllc.com\/pt\/privacy-policy\/\" \/>\n<meta property=\"og:site_name\" content=\"Panair LLC\" \/>\n<meta property=\"article:modified_time\" content=\"2024-08-08T15:52:02+00:00\" \/>\n<meta name=\"twitter:card\" content=\"summary_large_image\" \/>\n<meta name=\"twitter:label1\" content=\"Est. tempo de leitura\" \/>\n\t<meta name=\"twitter:data1\" content=\"4 minutos\" \/>\n<script type=\"application\/ld+json\" class=\"yoast-schema-graph\">{\"@context\":\"https:\\\/\\\/schema.org\",\"@graph\":[{\"@type\":\"WebPage\",\"@id\":\"https:\\\/\\\/panairllc.com\\\/privacy-policy\\\/\",\"url\":\"https:\\\/\\\/panairllc.com\\\/privacy-policy\\\/\",\"name\":\"Privacy Policy - Panair LLC\",\"isPartOf\":{\"@id\":\"https:\\\/\\\/panairllc.com\\\/#website\"},\"datePublished\":\"2024-08-08T15:50:06+00:00\",\"dateModified\":\"2024-08-08T15:52:02+00:00\",\"breadcrumb\":{\"@id\":\"https:\\\/\\\/panairllc.com\\\/privacy-policy\\\/#breadcrumb\"},\"inLanguage\":\"pt-BR\",\"potentialAction\":[{\"@type\":\"ReadAction\",\"target\":[\"https:\\\/\\\/panairllc.com\\\/privacy-policy\\\/\"]}]},{\"@type\":\"BreadcrumbList\",\"@id\":\"https:\\\/\\\/panairllc.com\\\/privacy-policy\\\/#breadcrumb\",\"itemListElement\":[{\"@type\":\"ListItem\",\"position\":1,\"name\":\"In\u00edcio\",\"item\":\"https:\\\/\\\/panairllc.com\\\/\"},{\"@type\":\"ListItem\",\"position\":2,\"name\":\"Privacy Policy\"}]},{\"@type\":\"WebSite\",\"@id\":\"https:\\\/\\\/panairllc.com\\\/#website\",\"url\":\"https:\\\/\\\/panairllc.com\\\/\",\"name\":\"Panair LLC\",\"description\":\"\",\"publisher\":{\"@id\":\"https:\\\/\\\/panairllc.com\\\/#organization\"},\"potentialAction\":[{\"@type\":\"SearchAction\",\"target\":{\"@type\":\"EntryPoint\",\"urlTemplate\":\"https:\\\/\\\/panairllc.com\\\/?s={search_term_string}\"},\"query-input\":{\"@type\":\"PropertyValueSpecification\",\"valueRequired\":true,\"valueName\":\"search_term_string\"}}],\"inLanguage\":\"pt-BR\"},{\"@type\":\"Organization\",\"@id\":\"https:\\\/\\\/panairllc.com\\\/#organization\",\"name\":\"Panair LLC\",\"url\":\"https:\\\/\\\/panairllc.com\\\/\",\"logo\":{\"@type\":\"ImageObject\",\"inLanguage\":\"pt-BR\",\"@id\":\"https:\\\/\\\/panairllc.com\\\/#\\\/schema\\\/logo\\\/image\\\/\",\"url\":\"https:\\\/\\\/panairllc.com\\\/wp-content\\\/uploads\\\/2024\\\/08\\\/panairllc_logo.jpeg\",\"contentUrl\":\"https:\\\/\\\/panairllc.com\\\/wp-content\\\/uploads\\\/2024\\\/08\\\/panairllc_logo.jpeg\",\"width\":200,\"height\":200,\"caption\":\"Panair LLC\"},\"image\":{\"@id\":\"https:\\\/\\\/panairllc.com\\\/#\\\/schema\\\/logo\\\/image\\\/\"},\"sameAs\":[\"https:\\\/\\\/www.linkedin.com\\\/company\\\/panairllc\"]}]}<\/script>\n<!-- \/ Yoast SEO plugin. -->","yoast_head_json":{"title":"Privacy Policy - Panair LLC","robots":{"index":"index","follow":"follow","max-snippet":"max-snippet:-1","max-image-preview":"max-image-preview:large","max-video-preview":"max-video-preview:-1"},"canonical":"https:\/\/panairllc.com\/pt\/privacy-policy\/","og_locale":"pt_BR","og_type":"article","og_title":"Privacy Policy - Panair LLC","og_description":"Privacy Policy This Privacy Policy aims to regulate the use by you, the user, of our services through the website. We have updated our privacy policy in accordance with the new General Data Protection Law (LGPD). We collect your data to offer a personalized experience in a secure manner. What is the LGPD? The General [&hellip;]","og_url":"https:\/\/panairllc.com\/pt\/privacy-policy\/","og_site_name":"Panair LLC","article_modified_time":"2024-08-08T15:52:02+00:00","twitter_card":"summary_large_image","twitter_misc":{"Est. tempo de leitura":"4 minutos"},"schema":{"@context":"https:\/\/schema.org","@graph":[{"@type":"WebPage","@id":"https:\/\/panairllc.com\/privacy-policy\/","url":"https:\/\/panairllc.com\/privacy-policy\/","name":"Privacy Policy - Panair LLC","isPartOf":{"@id":"https:\/\/panairllc.com\/#website"},"datePublished":"2024-08-08T15:50:06+00:00","dateModified":"2024-08-08T15:52:02+00:00","breadcrumb":{"@id":"https:\/\/panairllc.com\/privacy-policy\/#breadcrumb"},"inLanguage":"pt-BR","potentialAction":[{"@type":"ReadAction","target":["https:\/\/panairllc.com\/privacy-policy\/"]}]},{"@type":"BreadcrumbList","@id":"https:\/\/panairllc.com\/privacy-policy\/#breadcrumb","itemListElement":[{"@type":"ListItem","position":1,"name":"In\u00edcio","item":"https:\/\/panairllc.com\/"},{"@type":"ListItem","position":2,"name":"Privacy Policy"}]},{"@type":"WebSite","@id":"https:\/\/panairllc.com\/#website","url":"https:\/\/panairllc.com\/","name":"Panair LLC","description":"","publisher":{"@id":"https:\/\/panairllc.com\/#organization"},"potentialAction":[{"@type":"SearchAction","target":{"@type":"EntryPoint","urlTemplate":"https:\/\/panairllc.com\/?s={search_term_string}"},"query-input":{"@type":"PropertyValueSpecification","valueRequired":true,"valueName":"search_term_string"}}],"inLanguage":"pt-BR"},{"@type":"Organization","@id":"https:\/\/panairllc.com\/#organization","name":"Panair LLC","url":"https:\/\/panairllc.com\/","logo":{"@type":"ImageObject","inLanguage":"pt-BR","@id":"https:\/\/panairllc.com\/#\/schema\/logo\/image\/","url":"https:\/\/panairllc.com\/wp-content\/uploads\/2024\/08\/panairllc_logo.jpeg","contentUrl":"https:\/\/panairllc.com\/wp-content\/uploads\/2024\/08\/panairllc_logo.jpeg","width":200,"height":200,"caption":"Panair LLC"},"image":{"@id":"https:\/\/panairllc.com\/#\/schema\/logo\/image\/"},"sameAs":["https:\/\/www.linkedin.com\/company\/panairllc"]}]}},"_links":{"self":[{"href":"https:\/\/panairllc.com\/pt\/wp-json\/wp\/v2\/pages\/911","targetHints":{"allow":["GET"]}}],"collection":[{"href":"https:\/\/panairllc.com\/pt\/wp-json\/wp\/v2\/pages"}],"about":[{"href":"https:\/\/panairllc.com\/pt\/wp-json\/wp\/v2\/types\/page"}],"author":[{"embeddable":true,"href":"https:\/\/panairllc.com\/pt\/wp-json\/wp\/v2\/users\/1"}],"replies":[{"embeddable":true,"href":"https:\/\/panairllc.com\/pt\/wp-json\/wp\/v2\/comments?post=911"}],"version-history":[{"count":4,"href":"https:\/\/panairllc.com\/pt\/wp-json\/wp\/v2\/pages\/911\/revisions"}],"predecessor-version":[{"id":915,"href":"https:\/\/panairllc.com\/pt\/wp-json\/wp\/v2\/pages\/911\/revisions\/915"}],"wp:attachment":[{"href":"https:\/\/panairllc.com\/pt\/wp-json\/wp\/v2\/media?parent=911"}],"curies":[{"name":"wp","href":"https:\/\/api.w.org\/{rel}","templated":true}]}}